{"id":311,"date":"2020-09-11T16:30:59","date_gmt":"2020-09-11T14:30:59","guid":{"rendered":"https:\/\/www.getriebezentrum-rhein-main.de\/ratgeber\/?page_id=311"},"modified":"2022-03-03T12:54:26","modified_gmt":"2022-03-03T11:54:26","slug":"pflege-wartung","status":"publish","type":"page","link":"https:\/\/www.getriebezentrum-rhein-main.de\/ratgeber\/pflege-wartung\/","title":{"rendered":"Pflege &#038; Wartung"},"content":{"rendered":"\t\t<div data-elementor-type=\"wp-page\" data-elementor-id=\"311\" class=\"elementor elementor-311\" data-elementor-post-type=\"page\">\n\t\t\t\t\t\t<section class=\"elementor-section elementor-top-section elementor-element elementor-element-17c4c2d elementor-section-full_width elementor-section-height-default elementor-section-height-default\" data-id=\"17c4c2d\" data-element_type=\"section\">\n\t\t\t\t\t\t<div class=\"elementor-container elementor-column-gap-no\">\n\t\t\t\t\t<div class=\"elementor-column elementor-col-100 elementor-top-column elementor-element elementor-element-3beed5de\" data-id=\"3beed5de\" data-element_type=\"column\" data-settings=\"{&quot;background_background&quot;:&quot;classic&quot;,&quot;background_motion_fx_motion_fx_scrolling&quot;:&quot;yes&quot;,&quot;background_motion_fx_devices&quot;:[&quot;desktop&quot;,&quot;tablet&quot;,&quot;mobile&quot;]}\">\n\t\t\t<div class=\"elementor-widget-wrap elementor-element-populated\">\n\t\t\t\t\t\t\t<\/div>\n\t\t<\/div>\n\t\t\t\t\t<\/div>\n\t\t<\/section>\n\t\t\t\t<section class=\"elementor-section elementor-top-section elementor-element elementor-element-626a0a8e elementor-section-boxed elementor-section-height-default elementor-section-height-default\" data-id=\"626a0a8e\" data-element_type=\"section\">\n\t\t\t\t\t\t<div class=\"elementor-container elementor-column-gap-default\">\n\t\t\t\t\t<div class=\"elementor-column elementor-col-100 elementor-top-column elementor-element elementor-element-5eb6591f\" data-id=\"5eb6591f\" data-element_type=\"column\">\n\t\t\t<div class=\"elementor-widget-wrap elementor-element-populated\">\n\t\t\t\t\t\t\t<\/div>\n\t\t<\/div>\n\t\t\t\t\t<\/div>\n\t\t<\/section>\n\t\t\t\t<section class=\"elementor-section elementor-top-section elementor-element elementor-element-5c140dd1 elementor-section-boxed elementor-section-height-default elementor-section-height-default\" data-id=\"5c140dd1\" data-element_type=\"section\">\n\t\t\t\t\t\t<div class=\"elementor-container elementor-column-gap-default\">\n\t\t\t\t\t<div class=\"elementor-column elementor-col-100 elementor-top-column elementor-element elementor-element-7e36cec1\" data-id=\"7e36cec1\" data-element_type=\"column\">\n\t\t\t<div class=\"elementor-widget-wrap elementor-element-populated\">\n\t\t\t\t\t\t<div class=\"elementor-element elementor-element-36afbfb1 elementor-grid-4 elementor-grid-tablet-2 elementor-grid-mobile-1 elementor-posts--thumbnail-top elementor-card-shadow-yes elementor-posts__hover-gradient elementor-widget elementor-widget-posts\" data-id=\"36afbfb1\" data-element_type=\"widget\" data-settings=\"{&quot;cards_columns&quot;:&quot;4&quot;,&quot;pagination_type&quot;:&quot;numbers&quot;,&quot;cards_columns_tablet&quot;:&quot;2&quot;,&quot;cards_columns_mobile&quot;:&quot;1&quot;,&quot;cards_row_gap&quot;:{&quot;unit&quot;:&quot;px&quot;,&quot;size&quot;:35,&quot;sizes&quot;:[]},&quot;cards_row_gap_tablet&quot;:{&quot;unit&quot;:&quot;px&quot;,&quot;size&quot;:&quot;&quot;,&quot;sizes&quot;:[]},&quot;cards_row_gap_mobile&quot;:{&quot;unit&quot;:&quot;px&quot;,&quot;size&quot;:&quot;&quot;,&quot;sizes&quot;:[]}}\" data-widget_type=\"posts.cards\">\n\t\t\t\t<div class=\"elementor-widget-container\">\n\t\t\t\t\t\t\t<div class=\"elementor-posts-container elementor-posts elementor-posts--skin-cards elementor-grid\" role=\"list\">\n\t\t\t\t<article class=\"elementor-post elementor-grid-item post-1544 post type-post status-publish format-standard has-post-thumbnail hentry category-allgemein category-pflege-wartung entry\" role=\"listitem\">\n\t\t\t<div class=\"elementor-post__card\">\n\t\t\t\t<a class=\"elementor-post__thumbnail__link\" href=\"https:\/\/www.getriebezentrum-rhein-main.de\/ratgeber\/fahrzeugpflege-was-wird-bei-einer-motorreinigung-gemacht\/\" tabindex=\"-1\" ><div class=\"elementor-post__thumbnail\"><img decoding=\"async\" width=\"300\" height=\"107\" src=\"https:\/\/www.getriebezentrum-rhein-main.de\/ratgeber\/wp-content\/uploads\/2024\/01\/Fahrzeugpflege-Was-wird-bei-einer-Motorreinigung-gemacht-300x107.jpg\" class=\"attachment-medium size-medium wp-image-1545\" alt=\"Fahrzeugpflege: Was wird bei einer Motorreinigung gemacht?\" srcset=\"https:\/\/www.getriebezentrum-rhein-main.de\/ratgeber\/wp-content\/uploads\/2024\/01\/Fahrzeugpflege-Was-wird-bei-einer-Motorreinigung-gemacht-300x107.jpg 300w, https:\/\/www.getriebezentrum-rhein-main.de\/ratgeber\/wp-content\/uploads\/2024\/01\/Fahrzeugpflege-Was-wird-bei-einer-Motorreinigung-gemacht-1024x366.jpg 1024w, https:\/\/www.getriebezentrum-rhein-main.de\/ratgeber\/wp-content\/uploads\/2024\/01\/Fahrzeugpflege-Was-wird-bei-einer-Motorreinigung-gemacht-768x274.jpg 768w, https:\/\/www.getriebezentrum-rhein-main.de\/ratgeber\/wp-content\/uploads\/2024\/01\/Fahrzeugpflege-Was-wird-bei-einer-Motorreinigung-gemacht.jpg 1120w\" sizes=\"(max-width: 34.9rem) calc(100vw - 2rem), (max-width: 53rem) calc(8 * (100vw \/ 12)), (min-width: 53rem) calc(6 * (100vw \/ 12)), 100vw\" \/><\/div><\/a>\n\t\t\t\t<div class=\"elementor-post__text\">\n\t\t\t\t<h3 class=\"elementor-post__title\">\n\t\t\t<a href=\"https:\/\/www.getriebezentrum-rhein-main.de\/ratgeber\/fahrzeugpflege-was-wird-bei-einer-motorreinigung-gemacht\/\" >\n\t\t\t\tWas wird bei einer Motorreinigung gemacht?\t\t\t<\/a>\n\t\t<\/h3>\n\t\t\t\t<\/div>\n\t\t\t\t\t<\/div>\n\t\t<\/article>\n\t\t\t\t<article class=\"elementor-post elementor-grid-item post-1564 post type-post status-publish format-standard has-post-thumbnail hentry category-allgemein category-pflege-wartung entry\" role=\"listitem\">\n\t\t\t<div class=\"elementor-post__card\">\n\t\t\t\t<a class=\"elementor-post__thumbnail__link\" href=\"https:\/\/www.getriebezentrum-rhein-main.de\/ratgeber\/fahrzeug-pflege-wie-oft-sie-ihr-auto-waschen-sollten\/\" tabindex=\"-1\" ><div class=\"elementor-post__thumbnail\"><img decoding=\"async\" width=\"300\" height=\"107\" src=\"https:\/\/www.getriebezentrum-rhein-main.de\/ratgeber\/wp-content\/uploads\/2024\/01\/Wie-oft-Sie-Ihr-Auto-waschen-sollten-300x107.jpg\" class=\"attachment-medium size-medium wp-image-1565\" alt=\"Fahrzeug-Pflege: Wie oft Sie Ihr Auto waschen sollten\" srcset=\"https:\/\/www.getriebezentrum-rhein-main.de\/ratgeber\/wp-content\/uploads\/2024\/01\/Wie-oft-Sie-Ihr-Auto-waschen-sollten-300x107.jpg 300w, https:\/\/www.getriebezentrum-rhein-main.de\/ratgeber\/wp-content\/uploads\/2024\/01\/Wie-oft-Sie-Ihr-Auto-waschen-sollten-768x275.jpg 768w, https:\/\/www.getriebezentrum-rhein-main.de\/ratgeber\/wp-content\/uploads\/2024\/01\/Wie-oft-Sie-Ihr-Auto-waschen-sollten.jpg 1024w\" sizes=\"(max-width: 34.9rem) calc(100vw - 2rem), (max-width: 53rem) calc(8 * (100vw \/ 12)), (min-width: 53rem) calc(6 * (100vw \/ 12)), 100vw\" \/><\/div><\/a>\n\t\t\t\t<div class=\"elementor-post__text\">\n\t\t\t\t<h3 class=\"elementor-post__title\">\n\t\t\t<a href=\"https:\/\/www.getriebezentrum-rhein-main.de\/ratgeber\/fahrzeug-pflege-wie-oft-sie-ihr-auto-waschen-sollten\/\" >\n\t\t\t\tFahrzeug-Pflege: Wie oft Sie Ihr Auto waschen sollten\t\t\t<\/a>\n\t\t<\/h3>\n\t\t\t\t<\/div>\n\t\t\t\t\t<\/div>\n\t\t<\/article>\n\t\t\t\t<article class=\"elementor-post elementor-grid-item post-1481 post type-post status-publish format-standard has-post-thumbnail hentry category-allgemein category-pflege-wartung entry\" role=\"listitem\">\n\t\t\t<div class=\"elementor-post__card\">\n\t\t\t\t<a class=\"elementor-post__thumbnail__link\" href=\"https:\/\/www.getriebezentrum-rhein-main.de\/ratgeber\/warum-verliert-mein-motor-oel\/\" tabindex=\"-1\" ><div class=\"elementor-post__thumbnail\"><img decoding=\"async\" width=\"300\" height=\"107\" src=\"https:\/\/www.getriebezentrum-rhein-main.de\/ratgeber\/wp-content\/uploads\/2023\/11\/oelverlust-300x107.jpg\" class=\"attachment-medium size-medium wp-image-1488\" alt=\"Warum verliert mein Auto \u00d6l?\" srcset=\"https:\/\/www.getriebezentrum-rhein-main.de\/ratgeber\/wp-content\/uploads\/2023\/11\/oelverlust-300x107.jpg 300w, https:\/\/www.getriebezentrum-rhein-main.de\/ratgeber\/wp-content\/uploads\/2023\/11\/oelverlust-1024x366.jpg 1024w, https:\/\/www.getriebezentrum-rhein-main.de\/ratgeber\/wp-content\/uploads\/2023\/11\/oelverlust-768x274.jpg 768w, https:\/\/www.getriebezentrum-rhein-main.de\/ratgeber\/wp-content\/uploads\/2023\/11\/oelverlust.jpg 1120w\" sizes=\"(max-width: 34.9rem) calc(100vw - 2rem), (max-width: 53rem) calc(8 * (100vw \/ 12)), (min-width: 53rem) calc(6 * (100vw \/ 12)), 100vw\" \/><\/div><\/a>\n\t\t\t\t<div class=\"elementor-post__text\">\n\t\t\t\t<h3 class=\"elementor-post__title\">\n\t\t\t<a href=\"https:\/\/www.getriebezentrum-rhein-main.de\/ratgeber\/warum-verliert-mein-motor-oel\/\" >\n\t\t\t\tWarum verliert mein Motor \u00d6l? Die h\u00e4ufigsten Gr\u00fcnde im \u00dcberblick\t\t\t<\/a>\n\t\t<\/h3>\n\t\t\t\t<\/div>\n\t\t\t\t\t<\/div>\n\t\t<\/article>\n\t\t\t\t<article class=\"elementor-post elementor-grid-item post-1458 post type-post status-publish format-standard has-post-thumbnail hentry category-allgemein category-pflege-wartung entry\" role=\"listitem\">\n\t\t\t<div class=\"elementor-post__card\">\n\t\t\t\t<a class=\"elementor-post__thumbnail__link\" href=\"https:\/\/www.getriebezentrum-rhein-main.de\/ratgeber\/hydraulikoel-gerueche\/\" tabindex=\"-1\" ><div class=\"elementor-post__thumbnail\"><img loading=\"lazy\" decoding=\"async\" width=\"300\" height=\"107\" src=\"https:\/\/www.getriebezentrum-rhein-main.de\/ratgeber\/wp-content\/uploads\/2023\/11\/Hydraulik_oel-300x107.jpg\" class=\"attachment-medium size-medium wp-image-1465\" alt=\"Bedeutung von Hydraulik\u00f6l\" srcset=\"https:\/\/www.getriebezentrum-rhein-main.de\/ratgeber\/wp-content\/uploads\/2023\/11\/Hydraulik_oel-300x107.jpg 300w, https:\/\/www.getriebezentrum-rhein-main.de\/ratgeber\/wp-content\/uploads\/2023\/11\/Hydraulik_oel-1024x366.jpg 1024w, https:\/\/www.getriebezentrum-rhein-main.de\/ratgeber\/wp-content\/uploads\/2023\/11\/Hydraulik_oel-768x274.jpg 768w, https:\/\/www.getriebezentrum-rhein-main.de\/ratgeber\/wp-content\/uploads\/2023\/11\/Hydraulik_oel.jpg 1120w\" sizes=\"(max-width: 34.9rem) calc(100vw - 2rem), (max-width: 53rem) calc(8 * (100vw \/ 12)), (min-width: 53rem) calc(6 * (100vw \/ 12)), 100vw\" \/><\/div><\/a>\n\t\t\t\t<div class=\"elementor-post__text\">\n\t\t\t\t<h3 class=\"elementor-post__title\">\n\t\t\t<a href=\"https:\/\/www.getriebezentrum-rhein-main.de\/ratgeber\/hydraulikoel-gerueche\/\" >\n\t\t\t\tDie Bedeutung von Hydraulik\u00f6l Ger\u00fcchen\t\t\t<\/a>\n\t\t<\/h3>\n\t\t\t\t<\/div>\n\t\t\t\t\t<\/div>\n\t\t<\/article>\n\t\t\t\t<article class=\"elementor-post elementor-grid-item post-1372 post type-post status-publish format-standard has-post-thumbnail hentry category-allgemein category-pflege-wartung entry\" role=\"listitem\">\n\t\t\t<div class=\"elementor-post__card\">\n\t\t\t\t<a class=\"elementor-post__thumbnail__link\" href=\"https:\/\/www.getriebezentrum-rhein-main.de\/ratgeber\/insektenrueckstaende-entfernen\/\" tabindex=\"-1\" ><div class=\"elementor-post__thumbnail\"><img loading=\"lazy\" decoding=\"async\" width=\"300\" height=\"107\" src=\"https:\/\/www.getriebezentrum-rhein-main.de\/ratgeber\/wp-content\/uploads\/2023\/09\/Insekten-300x107.jpg\" class=\"attachment-medium size-medium wp-image-1379\" alt=\"Insektenr\u00fcckst\u00e4nde entfernen - wie am besten?\" srcset=\"https:\/\/www.getriebezentrum-rhein-main.de\/ratgeber\/wp-content\/uploads\/2023\/09\/Insekten-300x107.jpg 300w, https:\/\/www.getriebezentrum-rhein-main.de\/ratgeber\/wp-content\/uploads\/2023\/09\/Insekten-1024x366.jpg 1024w, https:\/\/www.getriebezentrum-rhein-main.de\/ratgeber\/wp-content\/uploads\/2023\/09\/Insekten-768x274.jpg 768w, https:\/\/www.getriebezentrum-rhein-main.de\/ratgeber\/wp-content\/uploads\/2023\/09\/Insekten.jpg 1120w\" sizes=\"(max-width: 34.9rem) calc(100vw - 2rem), (max-width: 53rem) calc(8 * (100vw \/ 12)), (min-width: 53rem) calc(6 * (100vw \/ 12)), 100vw\" \/><\/div><\/a>\n\t\t\t\t<div class=\"elementor-post__text\">\n\t\t\t\t<h3 class=\"elementor-post__title\">\n\t\t\t<a href=\"https:\/\/www.getriebezentrum-rhein-main.de\/ratgeber\/insektenrueckstaende-entfernen\/\" >\n\t\t\t\tSo entfernen Sie Insektenr\u00fcckst\u00e4nde von Ihrem Auto\t\t\t<\/a>\n\t\t<\/h3>\n\t\t\t\t<\/div>\n\t\t\t\t\t<\/div>\n\t\t<\/article>\n\t\t\t\t<article class=\"elementor-post elementor-grid-item post-1316 post type-post status-publish format-standard has-post-thumbnail hentry category-allgemein category-pflege-wartung entry\" role=\"listitem\">\n\t\t\t<div class=\"elementor-post__card\">\n\t\t\t\t<a class=\"elementor-post__thumbnail__link\" href=\"https:\/\/www.getriebezentrum-rhein-main.de\/ratgeber\/motorwaesche-leichtgemacht-schritt-fuer-schritt-anleitung-fuer-ein-blitzsauberes-ergebnis\/\" tabindex=\"-1\" ><div class=\"elementor-post__thumbnail\"><img loading=\"lazy\" decoding=\"async\" width=\"300\" height=\"107\" src=\"https:\/\/www.getriebezentrum-rhein-main.de\/ratgeber\/wp-content\/uploads\/2023\/08\/Motorwaesche-300x107.jpg\" class=\"attachment-medium size-medium wp-image-1317\" alt=\"Motorw\u00e4sche leicht gemacht\" srcset=\"https:\/\/www.getriebezentrum-rhein-main.de\/ratgeber\/wp-content\/uploads\/2023\/08\/Motorwaesche-300x107.jpg 300w, https:\/\/www.getriebezentrum-rhein-main.de\/ratgeber\/wp-content\/uploads\/2023\/08\/Motorwaesche-1024x366.jpg 1024w, https:\/\/www.getriebezentrum-rhein-main.de\/ratgeber\/wp-content\/uploads\/2023\/08\/Motorwaesche-768x274.jpg 768w, https:\/\/www.getriebezentrum-rhein-main.de\/ratgeber\/wp-content\/uploads\/2023\/08\/Motorwaesche.jpg 1120w\" sizes=\"(max-width: 34.9rem) calc(100vw - 2rem), (max-width: 53rem) calc(8 * (100vw \/ 12)), (min-width: 53rem) calc(6 * (100vw \/ 12)), 100vw\" \/><\/div><\/a>\n\t\t\t\t<div class=\"elementor-post__text\">\n\t\t\t\t<h3 class=\"elementor-post__title\">\n\t\t\t<a href=\"https:\/\/www.getriebezentrum-rhein-main.de\/ratgeber\/motorwaesche-leichtgemacht-schritt-fuer-schritt-anleitung-fuer-ein-blitzsauberes-ergebnis\/\" >\n\t\t\t\tMotorw\u00e4sche leichtgemacht\t\t\t<\/a>\n\t\t<\/h3>\n\t\t\t\t<\/div>\n\t\t\t\t\t<\/div>\n\t\t<\/article>\n\t\t\t\t<article class=\"elementor-post elementor-grid-item post-1289 post type-post status-publish format-standard has-post-thumbnail hentry category-pflege-wartung category-wissenswertes entry\" role=\"listitem\">\n\t\t\t<div class=\"elementor-post__card\">\n\t\t\t\t<a class=\"elementor-post__thumbnail__link\" href=\"https:\/\/www.getriebezentrum-rhein-main.de\/ratgeber\/motor-ueberhitzt-was-tun\/\" tabindex=\"-1\" ><div class=\"elementor-post__thumbnail\"><img loading=\"lazy\" decoding=\"async\" width=\"300\" height=\"107\" src=\"https:\/\/www.getriebezentrum-rhein-main.de\/ratgeber\/wp-content\/uploads\/2023\/07\/automotor-300x107.png\" class=\"attachment-medium size-medium wp-image-1309\" alt=\"Automechaniker, der in der Mechanik arbeitet. Reparaturservice. authentischer Nahaufnahme\" srcset=\"https:\/\/www.getriebezentrum-rhein-main.de\/ratgeber\/wp-content\/uploads\/2023\/07\/automotor-300x107.png 300w, https:\/\/www.getriebezentrum-rhein-main.de\/ratgeber\/wp-content\/uploads\/2023\/07\/automotor-1024x366.png 1024w, https:\/\/www.getriebezentrum-rhein-main.de\/ratgeber\/wp-content\/uploads\/2023\/07\/automotor-768x274.png 768w, https:\/\/www.getriebezentrum-rhein-main.de\/ratgeber\/wp-content\/uploads\/2023\/07\/automotor.png 1120w\" sizes=\"(max-width: 34.9rem) calc(100vw - 2rem), (max-width: 53rem) calc(8 * (100vw \/ 12)), (min-width: 53rem) calc(6 * (100vw \/ 12)), 100vw\" \/><\/div><\/a>\n\t\t\t\t<div class=\"elementor-post__text\">\n\t\t\t\t<h3 class=\"elementor-post__title\">\n\t\t\t<a href=\"https:\/\/www.getriebezentrum-rhein-main.de\/ratgeber\/motor-ueberhitzt-was-tun\/\" >\n\t\t\t\tMotor \u00fcberhitzt &#8211; was tun?\t\t\t<\/a>\n\t\t<\/h3>\n\t\t\t\t<\/div>\n\t\t\t\t\t<\/div>\n\t\t<\/article>\n\t\t\t\t<article class=\"elementor-post elementor-grid-item post-1274 post type-post status-publish format-standard has-post-thumbnail hentry category-getriebe-kupplung category-pflege-wartung category-wissenswertes entry\" role=\"listitem\">\n\t\t\t<div class=\"elementor-post__card\">\n\t\t\t\t<a class=\"elementor-post__thumbnail__link\" href=\"https:\/\/www.getriebezentrum-rhein-main.de\/ratgeber\/getriebe-oelfeucht-wie-passiert-das\/\" tabindex=\"-1\" ><div class=\"elementor-post__thumbnail\"><img loading=\"lazy\" decoding=\"async\" width=\"300\" height=\"107\" src=\"https:\/\/www.getriebezentrum-rhein-main.de\/ratgeber\/wp-content\/uploads\/2023\/06\/oelfeucht-300x107.png\" class=\"attachment-medium size-medium wp-image-1281\" alt=\"\u00d6l wird in einen Motor gekippt - \u00d6l ist wichtig f\u00fcr Getriebe\" srcset=\"https:\/\/www.getriebezentrum-rhein-main.de\/ratgeber\/wp-content\/uploads\/2023\/06\/oelfeucht-300x107.png 300w, https:\/\/www.getriebezentrum-rhein-main.de\/ratgeber\/wp-content\/uploads\/2023\/06\/oelfeucht-1024x366.png 1024w, https:\/\/www.getriebezentrum-rhein-main.de\/ratgeber\/wp-content\/uploads\/2023\/06\/oelfeucht-768x274.png 768w, https:\/\/www.getriebezentrum-rhein-main.de\/ratgeber\/wp-content\/uploads\/2023\/06\/oelfeucht-1536x549.png 1536w, https:\/\/www.getriebezentrum-rhein-main.de\/ratgeber\/wp-content\/uploads\/2023\/06\/oelfeucht-2048x731.png 2048w, https:\/\/www.getriebezentrum-rhein-main.de\/ratgeber\/wp-content\/uploads\/2023\/06\/oelfeucht-1568x560.png 1568w\" sizes=\"(max-width: 34.9rem) calc(100vw - 2rem), (max-width: 53rem) calc(8 * (100vw \/ 12)), (min-width: 53rem) calc(6 * (100vw \/ 12)), 100vw\" \/><\/div><\/a>\n\t\t\t\t<div class=\"elementor-post__text\">\n\t\t\t\t<h3 class=\"elementor-post__title\">\n\t\t\t<a href=\"https:\/\/www.getriebezentrum-rhein-main.de\/ratgeber\/getriebe-oelfeucht-wie-passiert-das\/\" >\n\t\t\t\tGetriebe \u00f6lfeucht &#8211; wie passiert das?\t\t\t<\/a>\n\t\t<\/h3>\n\t\t\t\t<\/div>\n\t\t\t\t\t<\/div>\n\t\t<\/article>\n\t\t\t\t<\/div>\n\t\t\n\t\t\t\t<div class=\"e-load-more-anchor\" data-page=\"1\" data-max-page=\"5\" data-next-page=\"https:\/\/www.getriebezentrum-rhein-main.de\/ratgeber\/wp-json\/wp\/v2\/pages\/311\/page\/2\/\"><\/div>\n\t\t\t\t<nav class=\"elementor-pagination\" aria-label=\"Seitennummerierung\">\n\t\t\t<span aria-current=\"page\" class=\"page-numbers current\"><span class=\"elementor-screen-only\">Seite<\/span>1<\/span>\n<a class=\"page-numbers\" href=\"https:\/\/www.getriebezentrum-rhein-main.de\/ratgeber\/wp-json\/wp\/v2\/pages\/311\/page\/2\/\"><span class=\"elementor-screen-only\">Seite<\/span>2<\/a>\n<a class=\"page-numbers\" href=\"https:\/\/www.getriebezentrum-rhein-main.de\/ratgeber\/wp-json\/wp\/v2\/pages\/311\/page\/3\/\"><span class=\"elementor-screen-only\">Seite<\/span>3<\/a>\n<a class=\"page-numbers\" href=\"https:\/\/www.getriebezentrum-rhein-main.de\/ratgeber\/wp-json\/wp\/v2\/pages\/311\/page\/4\/\"><span class=\"elementor-screen-only\">Seite<\/span>4<\/a>\n<a class=\"page-numbers\" href=\"https:\/\/www.getriebezentrum-rhein-main.de\/ratgeber\/wp-json\/wp\/v2\/pages\/311\/page\/5\/\"><span class=\"elementor-screen-only\">Seite<\/span>5<\/a>\t\t<\/nav>\n\t\t\t\t\t\t<\/div>\n\t\t\t\t<\/div>\n\t\t\t\t\t<\/div>\n\t\t<\/div>\n\t\t\t\t\t<\/div>\n\t\t<\/section>\n\t\t\t\t<\/div>\n\t\t","protected":false},"excerpt":{"rendered":"","protected":false},"author":1,"featured_media":0,"parent":0,"menu_order":0,"comment_status":"closed","ping_status":"closed","template":"","meta":{"footnotes":""},"class_list":["post-311","page","type-page","status-publish","hentry","entry"],"yoast_head":"<!-- This site is optimized with the Yoast SEO plugin v26.2 - https:\/\/yoast.com\/wordpress\/plugins\/seo\/ -->\n<title>Pflege &amp; Wartung &#187; Ratgeber - Getriebezentrum Rhein Main<\/title>\n<meta name=\"robots\" content=\"noindex, follow\" \/>\n<meta property=\"og:locale\" content=\"de_DE\" \/>\n<meta property=\"og:type\" content=\"article\" \/>\n<meta property=\"og:title\" content=\"Pflege &amp; Wartung &#187; Ratgeber - Getriebezentrum Rhein Main\" \/>\n<meta property=\"og:url\" content=\"https:\/\/www.getriebezentrum-rhein-main.de\/ratgeber\/pflege-wartung\/\" \/>\n<meta property=\"og:site_name\" content=\"Ratgeber - Getriebezentrum Rhein Main\" \/>\n<meta property=\"article:modified_time\" content=\"2022-03-03T11:54:26+00:00\" \/>\n<meta name=\"twitter:card\" content=\"summary_large_image\" \/>\n<script type=\"application\/ld+json\" class=\"yoast-schema-graph\">{\"@context\":\"https:\/\/schema.org\",\"@graph\":[{\"@type\":\"WebPage\",\"@id\":\"https:\/\/www.getriebezentrum-rhein-main.de\/ratgeber\/pflege-wartung\/\",\"url\":\"https:\/\/www.getriebezentrum-rhein-main.de\/ratgeber\/pflege-wartung\/\",\"name\":\"Pflege & Wartung &#187; Ratgeber - Getriebezentrum Rhein Main\",\"isPartOf\":{\"@id\":\"https:\/\/www.getriebezentrum-rhein-main.de\/ratgeber\/#website\"},\"datePublished\":\"2020-09-11T14:30:59+00:00\",\"dateModified\":\"2022-03-03T11:54:26+00:00\",\"breadcrumb\":{\"@id\":\"https:\/\/www.getriebezentrum-rhein-main.de\/ratgeber\/pflege-wartung\/#breadcrumb\"},\"inLanguage\":\"de\",\"potentialAction\":[{\"@type\":\"ReadAction\",\"target\":[\"https:\/\/www.getriebezentrum-rhein-main.de\/ratgeber\/pflege-wartung\/\"]}]},{\"@type\":\"BreadcrumbList\",\"@id\":\"https:\/\/www.getriebezentrum-rhein-main.de\/ratgeber\/pflege-wartung\/#breadcrumb\",\"itemListElement\":[{\"@type\":\"ListItem\",\"position\":1,\"name\":\"Startseite\",\"item\":\"https:\/\/www.getriebezentrum-rhein-main.de\/ratgeber\/\"},{\"@type\":\"ListItem\",\"position\":2,\"name\":\"Pflege &#038; Wartung\"}]},{\"@type\":\"WebSite\",\"@id\":\"https:\/\/www.getriebezentrum-rhein-main.de\/ratgeber\/#website\",\"url\":\"https:\/\/www.getriebezentrum-rhein-main.de\/ratgeber\/\",\"name\":\"Ratgeber - Getriebezentrum Rhein Main\",\"description\":\"Alles rund um Austauschgetriebe\",\"publisher\":{\"@id\":\"https:\/\/www.getriebezentrum-rhein-main.de\/ratgeber\/#organization\"},\"potentialAction\":[{\"@type\":\"SearchAction\",\"target\":{\"@type\":\"EntryPoint\",\"urlTemplate\":\"https:\/\/www.getriebezentrum-rhein-main.de\/ratgeber\/?s={search_term_string}\"},\"query-input\":{\"@type\":\"PropertyValueSpecification\",\"valueRequired\":true,\"valueName\":\"search_term_string\"}}],\"inLanguage\":\"de\"},{\"@type\":\"Organization\",\"@id\":\"https:\/\/www.getriebezentrum-rhein-main.de\/ratgeber\/#organization\",\"name\":\"Getriebezentrum Rhein Main\",\"url\":\"https:\/\/www.getriebezentrum-rhein-main.de\/ratgeber\/\",\"logo\":{\"@type\":\"ImageObject\",\"inLanguage\":\"de\",\"@id\":\"https:\/\/www.getriebezentrum-rhein-main.de\/ratgeber\/#\/schema\/logo\/image\/\",\"url\":\"https:\/\/www.getriebezentrum-rhein-main.de\/ratgeber\/wp-content\/uploads\/2020\/02\/logo-xs.png\",\"contentUrl\":\"https:\/\/www.getriebezentrum-rhein-main.de\/ratgeber\/wp-content\/uploads\/2020\/02\/logo-xs.png\",\"width\":262,\"height\":220,\"caption\":\"Getriebezentrum Rhein Main\"},\"image\":{\"@id\":\"https:\/\/www.getriebezentrum-rhein-main.de\/ratgeber\/#\/schema\/logo\/image\/\"}}]}<\/script>\n<!-- \/ Yoast SEO plugin. -->","yoast_head_json":{"title":"Pflege & Wartung &#187; Ratgeber - Getriebezentrum Rhein Main","robots":{"index":"noindex","follow":"follow"},"og_locale":"de_DE","og_type":"article","og_title":"Pflege & Wartung &#187; Ratgeber - Getriebezentrum Rhein Main","og_url":"https:\/\/www.getriebezentrum-rhein-main.de\/ratgeber\/pflege-wartung\/","og_site_name":"Ratgeber - Getriebezentrum Rhein Main","article_modified_time":"2022-03-03T11:54:26+00:00","twitter_card":"summary_large_image","schema":{"@context":"https:\/\/schema.org","@graph":[{"@type":"WebPage","@id":"https:\/\/www.getriebezentrum-rhein-main.de\/ratgeber\/pflege-wartung\/","url":"https:\/\/www.getriebezentrum-rhein-main.de\/ratgeber\/pflege-wartung\/","name":"Pflege & Wartung &#187; Ratgeber - Getriebezentrum Rhein Main","isPartOf":{"@id":"https:\/\/www.getriebezentrum-rhein-main.de\/ratgeber\/#website"},"datePublished":"2020-09-11T14:30:59+00:00","dateModified":"2022-03-03T11:54:26+00:00","breadcrumb":{"@id":"https:\/\/www.getriebezentrum-rhein-main.de\/ratgeber\/pflege-wartung\/#breadcrumb"},"inLanguage":"de","potentialAction":[{"@type":"ReadAction","target":["https:\/\/www.getriebezentrum-rhein-main.de\/ratgeber\/pflege-wartung\/"]}]},{"@type":"BreadcrumbList","@id":"https:\/\/www.getriebezentrum-rhein-main.de\/ratgeber\/pflege-wartung\/#breadcrumb","itemListElement":[{"@type":"ListItem","position":1,"name":"Startseite","item":"https:\/\/www.getriebezentrum-rhein-main.de\/ratgeber\/"},{"@type":"ListItem","position":2,"name":"Pflege &#038; Wartung"}]},{"@type":"WebSite","@id":"https:\/\/www.getriebezentrum-rhein-main.de\/ratgeber\/#website","url":"https:\/\/www.getriebezentrum-rhein-main.de\/ratgeber\/","name":"Ratgeber - Getriebezentrum Rhein Main","description":"Alles rund um Austauschgetriebe","publisher":{"@id":"https:\/\/www.getriebezentrum-rhein-main.de\/ratgeber\/#organization"},"potentialAction":[{"@type":"SearchAction","target":{"@type":"EntryPoint","urlTemplate":"https:\/\/www.getriebezentrum-rhein-main.de\/ratgeber\/?s={search_term_string}"},"query-input":{"@type":"PropertyValueSpecification","valueRequired":true,"valueName":"search_term_string"}}],"inLanguage":"de"},{"@type":"Organization","@id":"https:\/\/www.getriebezentrum-rhein-main.de\/ratgeber\/#organization","name":"Getriebezentrum Rhein Main","url":"https:\/\/www.getriebezentrum-rhein-main.de\/ratgeber\/","logo":{"@type":"ImageObject","inLanguage":"de","@id":"https:\/\/www.getriebezentrum-rhein-main.de\/ratgeber\/#\/schema\/logo\/image\/","url":"https:\/\/www.getriebezentrum-rhein-main.de\/ratgeber\/wp-content\/uploads\/2020\/02\/logo-xs.png","contentUrl":"https:\/\/www.getriebezentrum-rhein-main.de\/ratgeber\/wp-content\/uploads\/2020\/02\/logo-xs.png","width":262,"height":220,"caption":"Getriebezentrum Rhein Main"},"image":{"@id":"https:\/\/www.getriebezentrum-rhein-main.de\/ratgeber\/#\/schema\/logo\/image\/"}}]}},"_links":{"self":[{"href":"https:\/\/www.getriebezentrum-rhein-main.de\/ratgeber\/wp-json\/wp\/v2\/pages\/311","targetHints":{"allow":["GET"]}}],"collection":[{"href":"https:\/\/www.getriebezentrum-rhein-main.de\/ratgeber\/wp-json\/wp\/v2\/pages"}],"about":[{"href":"https:\/\/www.getriebezentrum-rhein-main.de\/ratgeber\/wp-json\/wp\/v2\/types\/page"}],"author":[{"embeddable":true,"href":"https:\/\/www.getriebezentrum-rhein-main.de\/ratgeber\/wp-json\/wp\/v2\/users\/1"}],"replies":[{"embeddable":true,"href":"https:\/\/www.getriebezentrum-rhein-main.de\/ratgeber\/wp-json\/wp\/v2\/comments?post=311"}],"version-history":[{"count":8,"href":"https:\/\/www.getriebezentrum-rhein-main.de\/ratgeber\/wp-json\/wp\/v2\/pages\/311\/revisions"}],"predecessor-version":[{"id":887,"href":"https:\/\/www.getriebezentrum-rhein-main.de\/ratgeber\/wp-json\/wp\/v2\/pages\/311\/revisions\/887"}],"wp:attachment":[{"href":"https:\/\/www.getriebezentrum-rhein-main.de\/ratgeber\/wp-json\/wp\/v2\/media?parent=311"}],"curies":[{"name":"wp","href":"https:\/\/api.w.org\/{rel}","templated":true}]}}